{"id":5,"date":"2021-07-01T21:22:26","date_gmt":"2021-07-01T21:22:26","guid":{"rendered":"http:\/\/anibalzorrilla.ar\/?page_id=5"},"modified":"2025-10-24T15:39:24","modified_gmt":"2025-10-24T15:39:24","slug":"create-your-website-with-blocks","status":"publish","type":"page","link":"https:\/\/anibalzorrilla.ar\/","title":{"rendered":"Comienzo"},"content":{"rendered":"\n<p id=\"sobre-mi\">Soy m\u00fasico, pianista y compositor, trabajo con los lenguajes de programaci\u00f3n visual Pure Data e Isadora, investigo en la Universidad Nacional de las Artes sobre arte digital y sobre el ritmo en el arte.<\/p>\n\n\n\n<h2 class=\"wp-block-heading\">Isadora<\/h2>\n\n\n\n<p>Trabajo con <a href=\"https:\/\/troikatronix.com\/\" target=\"_blank\" rel=\"noreferrer noopener\" title=\"Isadora\">Isadora<\/a> desde el a\u00f1o 2010, haciendo talleres sobre tecnolog\u00eda digital interactiva para la escena y para la danza, organizando muestras y participando en obras de danza y teatro. Dirijo el Equipo de Investigaci\u00f3n en Tecnolog\u00eda Aplicada a la Danza, <a href=\"http:\/\/intad.tech\/\" target=\"_blank\" rel=\"noreferrer noopener\" title=\"InTAD\">InTAD<\/a>. <\/p>\n\n\n\n<h2 class=\"wp-block-heading\">Pure Data<\/h2>\n\n\n\n<p>Tambi\u00e9n programo en Pure Data, doy clases y compongo m\u00fasica electroac\u00fastica. Voy a subir mis trabajos <a href=\"http:\/\/puredata.musica.ar\/\" target=\"_blank\" rel=\"noreferrer noopener\" title=\"ac\u00e1\">ac\u00e1<\/a>. <\/p>\n\n\n\n<h2 class=\"wp-block-heading\">RedPanal<\/h2>\n\n\n\n<p>Formo parte del colectivo <a href=\"https:\/\/blog.redpanal.org\/\" target=\"_blank\" rel=\"noreferrer noopener\" title=\"RedPanal\">RedPanal<\/a>, en el que hacemos m\u00fasica colaborativa. Estamos programando una app para la composici\u00f3n musical colectiva. <\/p>\n\n\n\n<h2 class=\"wp-block-heading\">Piano<\/h2>\n\n\n\n<p>Soy pianista y acompa\u00f1\u00e9 clases de danza en el <a href=\"https:\/\/movimiento.una.edu.ar\/\" target=\"_blank\" rel=\"noreferrer noopener\" title=\"Departamento de Artes del Movimiento\">Departamento de Artes del Movimiento<\/a> de la Universidad Nacional de las Artes y en el <a href=\"https:\/\/complejoteatral.gob.ar\/paginas\/formacion-2021#taller-de-danza\" target=\"_blank\" rel=\"noreferrer noopener\" title=\"Taller de Danzas del Teatro San Mar\u00edn\">Taller de Danzas del Teatro San Mar\u00edn<\/a>, entre muchos otros lugares. Hice este trabajo desde el a\u00f1o 1977 hasta el 2022. <\/p>\n\n\n\n<div style=\"height:30px\" aria-hidden=\"true\" class=\"wp-block-spacer\"><\/div>\n\n\n\n<h2 class=\"wp-block-heading\" id=\"clases\">Clases<\/h2>\n\n\n\n<p>Doy clases de piano, audioperceptiva, armon\u00eda, contrapunto, composici\u00f3n musical, acompa\u00f1amiento musical en clases de danza, improvisaci\u00f3n en el piano, programaci\u00f3n con Pure Data e Isadora, teor\u00eda y pr\u00e1ctica del ritmo, e inform\u00e1tica elemental para artistas. Las clases son individuales. Primero tengo con cada alumno una reuni\u00f3n de evaluaci\u00f3n gratuita en la que nos ponemos de acuerdo en las  modalidades y los objetivos. Las clases individuales son de una hora y media semanal, se abona el mes por adelantado. Si el d\u00eda acordado en un mes es feriado entonces no hay clase. Si un mes tiene cinco clases no cobro una clase de m\u00e1s. Las ausencias sin aviso no se recuperan, s\u00ed las previamente acordadas con suficiente anticipaci\u00f3n, pero dentro de un plazo razonable. Si por alguna raz\u00f3n no puedo dar una clase y no podemos encontrar con el alumno un horario alternativo, al mes siguiente le descuento el 25% del arancel. Los honorarios mensuales son de $ 150.000.- si es en mi casa o remotas, o $ 200.000.- si son a domicilio. En caso de que el alumno viva en otro pa\u00eds y tome clases por teleconferencia, son de U$D 150.- por mes. Montos a octubre de 2025. Los precios pueden estar desactualizados y ser modificados en cualquier momento.  <\/p>\n\n\n\n<p><\/p>\n\n\n\n<p><\/p>\n\n\n\n<p id=\"contacto\">anibal@anibalzorrilla.ar<\/p>\n","protected":false},"excerpt":{"rendered":"<p>Soy m\u00fasico, pianista y compositor, trabajo con los lenguajes de programaci\u00f3n visual Pure Data e Isadora, investigo en la Universidad Nacional de las Artes sobre arte digital y sobre el &#8230;<\/p>\n","protected":false},"author":1,"featured_media":0,"parent":0,"menu_order":0,"comment_status":"closed","ping_status":"closed","template":"","meta":{"footnotes":""},"aioseo_notices":[],"_links":{"self":[{"href":"https:\/\/anibalzorrilla.ar\/index.php?rest_route=\/wp\/v2\/pages\/5"}],"collection":[{"href":"https:\/\/anibalzorrilla.ar\/index.php?rest_route=\/wp\/v2\/pages"}],"about":[{"href":"https:\/\/anibalzorrilla.ar\/index.php?rest_route=\/wp\/v2\/types\/page"}],"author":[{"embeddable":true,"href":"https:\/\/anibalzorrilla.ar\/index.php?rest_route=\/wp\/v2\/users\/1"}],"replies":[{"embeddable":true,"href":"https:\/\/anibalzorrilla.ar\/index.php?rest_route=%2Fwp%2Fv2%2Fcomments&post=5"}],"version-history":[{"count":20,"href":"https:\/\/anibalzorrilla.ar\/index.php?rest_route=\/wp\/v2\/pages\/5\/revisions"}],"predecessor-version":[{"id":183,"href":"https:\/\/anibalzorrilla.ar\/index.php?rest_route=\/wp\/v2\/pages\/5\/revisions\/183"}],"wp:attachment":[{"href":"https:\/\/anibalzorrilla.ar\/index.php?rest_route=%2Fwp%2Fv2%2Fmedia&parent=5"}],"curies":[{"name":"wp","href":"https:\/\/api.w.org\/{rel}","templated":true}]}}